{"id":1014,"date":"2020-02-06T08:38:42","date_gmt":"2020-02-06T08:38:42","guid":{"rendered":"https:\/\/hannoli.fi\/?page_id=1014"},"modified":"2025-03-04T10:34:54","modified_gmt":"2025-03-04T08:34:54","slug":"ovrigt","status":"publish","type":"page","link":"https:\/\/hannoli.fi\/?page_id=1014","title":{"rendered":"ovrigt"},"content":{"rendered":"\t\t<div data-elementor-type=\"wp-page\" data-elementor-id=\"1014\" class=\"elementor elementor-1014\" data-elementor-post-type=\"page\">\n\t\t\t\t\t\t<section class=\"elementor-section elementor-top-section elementor-element elementor-element-83ba7d5 elementor-section-boxed elementor-section-height-default elementor-section-height-default\" data-id=\"83ba7d5\" data-element_type=\"section\" data-e-type=\"section\" data-settings=\"{&quot;background_background&quot;:&quot;classic&quot;}\">\n\t\t\t\t\t\t<div class=\"elementor-container elementor-column-gap-default\">\n\t\t\t\t\t<div class=\"elementor-column elementor-col-100 elementor-top-column elementor-element elementor-element-7ec73c1\" data-id=\"7ec73c1\" data-element_type=\"column\" data-e-type=\"column\">\n\t\t\t<div class=\"elementor-widget-wrap elementor-element-populated\">\n\t\t\t\t\t\t<div class=\"elementor-element elementor-element-9ac3c4c elementor-widget elementor-widget-image\" data-id=\"9ac3c4c\" data-element_type=\"widget\" data-e-type=\"widget\" data-widget_type=\"image.default\">\n\t\t\t\t<div class=\"elementor-widget-container\">\n\t\t\t\t\t\t\t\t\t\t\t\t\t\t\t<img decoding=\"async\" src=\"https:\/\/hannoli.fi\/wp-content\/uploads\/2021\/03\/5D0A8929.jpg\" title=\"\" alt=\"\" loading=\"lazy\" \/>\t\t\t\t\t\t\t\t\t\t\t\t\t\t\t<\/div>\n\t\t\t\t<\/div>\n\t\t\t\t<div class=\"elementor-element elementor-element-3b3f2e7 elementor-widget elementor-widget-spacer\" data-id=\"3b3f2e7\" data-element_type=\"widget\" data-e-type=\"widget\" data-widget_type=\"spacer.default\">\n\t\t\t\t<div class=\"elementor-widget-container\">\n\t\t\t\t\t\t\t<div class=\"elementor-spacer\">\n\t\t\t<div class=\"elementor-spacer-inner\"><\/div>\n\t\t<\/div>\n\t\t\t\t\t\t<\/div>\n\t\t\t\t<\/div>\n\t\t\t\t<section class=\"elementor-section elementor-inner-section elementor-element elementor-element-2320526 elementor-section-boxed elementor-section-height-default elementor-section-height-default\" data-id=\"2320526\" data-element_type=\"section\" data-e-type=\"section\">\n\t\t\t\t\t\t<div class=\"elementor-container elementor-column-gap-default\">\n\t\t\t\t\t<div class=\"elementor-column elementor-col-100 elementor-inner-column elementor-element elementor-element-62b6cf7\" data-id=\"62b6cf7\" data-element_type=\"column\" data-e-type=\"column\" data-settings=\"{&quot;background_background&quot;:&quot;classic&quot;}\">\n\t\t\t<div class=\"elementor-widget-wrap elementor-element-populated\">\n\t\t\t\t\t<div class=\"elementor-background-overlay\"><\/div>\n\t\t\t\t\t\t<div class=\"elementor-element elementor-element-7a8527d elementor-widget elementor-widget-heading\" data-id=\"7a8527d\" data-element_type=\"widget\" data-e-type=\"widget\" data-widget_type=\"heading.default\">\n\t\t\t\t<div class=\"elementor-widget-container\">\n\t\t\t\t\t<h2 class=\"elementor-heading-title elementor-size-default\">Kontaktformul\u00e4r F\u00d6R PRESENTKORT:<\/h2>\t\t\t\t<\/div>\n\t\t\t\t<\/div>\n\t\t\t\t<div class=\"elementor-element elementor-element-4423b6b elementor-widget elementor-widget-spacer\" data-id=\"4423b6b\" data-element_type=\"widget\" data-e-type=\"widget\" data-widget_type=\"spacer.default\">\n\t\t\t\t<div class=\"elementor-widget-container\">\n\t\t\t\t\t\t\t<div class=\"elementor-spacer\">\n\t\t\t<div class=\"elementor-spacer-inner\"><\/div>\n\t\t<\/div>\n\t\t\t\t\t\t<\/div>\n\t\t\t\t<\/div>\n\t\t\t\t<div class=\"elementor-element elementor-element-40ee50f elementor-button-align-stretch elementor-widget elementor-widget-form\" data-id=\"40ee50f\" data-element_type=\"widget\" data-e-type=\"widget\" data-settings=\"{&quot;step_next_label&quot;:&quot;N\\u00e4sta&quot;,&quot;step_previous_label&quot;:&quot;F\\u00f6reg\\u00e5ende&quot;,&quot;button_width&quot;:&quot;100&quot;,&quot;step_type&quot;:&quot;number_text&quot;,&quot;step_icon_shape&quot;:&quot;circle&quot;}\" data-widget_type=\"form.default\">\n\t\t\t\t<div class=\"elementor-widget-container\">\n\t\t\t\t\t\t\t<form class=\"elementor-form\" method=\"post\" name=\"Nytt formul\u00e4r\" aria-label=\"Nytt formul\u00e4r\">\n\t\t\t<input type=\"hidden\" name=\"post_id\" value=\"1014\"\/>\n\t\t\t<input type=\"hidden\" name=\"form_id\" value=\"40ee50f\"\/>\n\t\t\t<input type=\"hidden\" name=\"referer_title\" value=\"ovrigt\" \/>\n\n\t\t\t\t\t\t\t<input type=\"hidden\" name=\"queried_id\" value=\"1014\"\/>\n\t\t\t\n\t\t\t<div class=\"elementor-form-fields-wrapper elementor-labels-above\">\n\t\t\t\t\t\t\t\t<div class=\"elementor-field-type-text elementor-field-group elementor-column elementor-field-group-field_3 elementor-col-50 elementor-field-required\">\n\t\t\t\t\t\t\t\t\t\t\t\t<label for=\"form-field-field_3\" class=\"elementor-field-label\">\n\t\t\t\t\t\t\t\tNamn:\t\t\t\t\t\t\t<\/label>\n\t\t\t\t\t\t\t\t\t\t\t\t\t\t<input size=\"1\" type=\"text\" name=\"form_fields[field_3]\" id=\"form-field-field_3\" class=\"elementor-field elementor-size-sm  elementor-field-textual\" required=\"required\">\n\t\t\t\t\t\t\t\t\t\t\t<\/div>\n\t\t\t\t\t\t\t\t<div class=\"elementor-field-type-email elementor-field-group elementor-column elementor-field-group-email elementor-col-50 elementor-field-required\">\n\t\t\t\t\t\t\t\t\t\t\t\t<label for=\"form-field-email\" class=\"elementor-field-label\">\n\t\t\t\t\t\t\t\tE-post:\t\t\t\t\t\t\t<\/label>\n\t\t\t\t\t\t\t\t\t\t\t\t\t\t<input size=\"1\" type=\"email\" name=\"form_fields[email]\" id=\"form-field-email\" class=\"elementor-field elementor-size-sm  elementor-field-textual\" required=\"required\">\n\t\t\t\t\t\t\t\t\t\t\t<\/div>\n\t\t\t\t\t\t\t\t<div class=\"elementor-field-type-textarea elementor-field-group elementor-column elementor-field-group-field_1 elementor-col-100 elementor-field-required\">\n\t\t\t\t\t\t\t\t\t\t\t\t<label for=\"form-field-field_1\" class=\"elementor-field-label\">\n\t\t\t\t\t\t\t\tDITT MEDDELANDE: \t\t\t\t\t\t\t<\/label>\n\t\t\t\t\t\t<textarea class=\"elementor-field-textual elementor-field  elementor-size-sm\" name=\"form_fields[field_1]\" id=\"form-field-field_1\" rows=\"7\" required=\"required\"><\/textarea>\t\t\t\t<\/div>\n\t\t\t\t\t\t\t\t<div class=\"elementor-field-type-number elementor-field-group elementor-column elementor-field-group-field_524cc2c elementor-col-100 elementor-field-required\">\n\t\t\t\t\t\t\t\t\t\t\t\t<label for=\"form-field-field_524cc2c\" class=\"elementor-field-label\">\n\t\t\t\t\t\t\t\t5+3 = ?\t\t\t\t\t\t\t<\/label>\n\t\t\t\t\t\t\t\t\t<input type=\"number\" name=\"form_fields[field_524cc2c]\" id=\"form-field-field_524cc2c\" class=\"elementor-field elementor-size-sm  elementor-field-textual\" required=\"required\" min=\"8\" max=\"8\" >\n\t\t\t\t\t\t<\/div>\n\t\t\t\t\t\t\t\t<div class=\"elementor-field-group elementor-column elementor-field-type-submit elementor-col-100 e-form__buttons\">\n\t\t\t\t\t<button class=\"elementor-button elementor-size-sm\" type=\"submit\">\n\t\t\t\t\t\t<span class=\"elementor-button-content-wrapper\">\n\t\t\t\t\t\t\t\t\t\t\t\t\t\t\t\t\t\t\t\t\t\t<span class=\"elementor-button-text\">Skicka<\/span>\n\t\t\t\t\t\t\t\t\t\t\t\t\t<\/span>\n\t\t\t\t\t<\/button>\n\t\t\t\t<\/div>\n\t\t\t<\/div>\n\t\t<\/form>\n\t\t\t\t\t\t<\/div>\n\t\t\t\t<\/div>\n\t\t\t\t\t<\/div>\n\t\t<\/div>\n\t\t\t\t\t<\/div>\n\t\t<\/section>\n\t\t\t\t\t<\/div>\n\t\t<\/div>\n\t\t\t\t\t<\/div>\n\t\t<\/section>\n\t\t\t\t<section class=\"elementor-section elementor-top-section elementor-element elementor-element-3418dd5 elementor-section-boxed elementor-section-height-default elementor-section-height-default elementor-invisible\" data-id=\"3418dd5\" data-element_type=\"section\" data-e-type=\"section\" data-settings=\"{&quot;animation&quot;:&quot;fadeInUp&quot;}\">\n\t\t\t\t\t\t\t<div class=\"elementor-background-overlay\"><\/div>\n\t\t\t\t\t\t\t<div class=\"elementor-container elementor-column-gap-default\">\n\t\t\t\t\t<div class=\"elementor-column elementor-col-33 elementor-top-column elementor-element elementor-element-1d41b59\" data-id=\"1d41b59\" data-element_type=\"column\" data-e-type=\"column\">\n\t\t\t<div class=\"elementor-widget-wrap elementor-element-populated\">\n\t\t\t\t\t\t<div class=\"elementor-element elementor-element-41ecac5 elementor-widget elementor-widget-image\" data-id=\"41ecac5\" data-element_type=\"widget\" data-e-type=\"widget\" data-widget_type=\"image.default\">\n\t\t\t\t<div class=\"elementor-widget-container\">\n\t\t\t\t\t\t\t\t\t\t\t\t\t\t\t<img decoding=\"async\" src=\"https:\/\/hannoli.fi\/wp-content\/uploads\/2020\/06\/PQ5A4678.jpg\" title=\"\" alt=\"\" loading=\"lazy\" \/>\t\t\t\t\t\t\t\t\t\t\t\t\t\t\t<\/div>\n\t\t\t\t<\/div>\n\t\t\t\t\t<\/div>\n\t\t<\/div>\n\t\t\t\t<div class=\"elementor-column elementor-col-33 elementor-top-column elementor-element elementor-element-c87431c\" data-id=\"c87431c\" data-element_type=\"column\" data-e-type=\"column\">\n\t\t\t<div class=\"elementor-widget-wrap elementor-element-populated\">\n\t\t\t\t\t\t<div class=\"elementor-element elementor-element-6a44213 elementor-widget elementor-widget-image\" data-id=\"6a44213\" data-element_type=\"widget\" data-e-type=\"widget\" data-widget_type=\"image.default\">\n\t\t\t\t<div class=\"elementor-widget-container\">\n\t\t\t\t\t\t\t\t\t\t\t\t\t\t\t<img fetchpriority=\"high\" decoding=\"async\" width=\"683\" height=\"1024\" src=\"https:\/\/hannoli.fi\/wp-content\/uploads\/2024\/10\/5D0A1703-2-683x1024.jpg\" class=\"attachment-large size-large wp-image-2025\" alt=\"\" srcset=\"https:\/\/hannoli.fi\/wp-content\/uploads\/2024\/10\/5D0A1703-2-683x1024.jpg 683w, https:\/\/hannoli.fi\/wp-content\/uploads\/2024\/10\/5D0A1703-2-200x300.jpg 200w, https:\/\/hannoli.fi\/wp-content\/uploads\/2024\/10\/5D0A1703-2-768x1152.jpg 768w, https:\/\/hannoli.fi\/wp-content\/uploads\/2024\/10\/5D0A1703-2-1024x1536.jpg 1024w, https:\/\/hannoli.fi\/wp-content\/uploads\/2024\/10\/5D0A1703-2-1366x2048.jpg 1366w, https:\/\/hannoli.fi\/wp-content\/uploads\/2024\/10\/5D0A1703-2.jpg 1667w\" sizes=\"(max-width: 683px) 100vw, 683px\" \/>\t\t\t\t\t\t\t\t\t\t\t\t\t\t\t<\/div>\n\t\t\t\t<\/div>\n\t\t\t\t\t<\/div>\n\t\t<\/div>\n\t\t\t\t<div class=\"elementor-column elementor-col-33 elementor-top-column elementor-element elementor-element-a91e94f\" data-id=\"a91e94f\" data-element_type=\"column\" data-e-type=\"column\">\n\t\t\t<div class=\"elementor-widget-wrap elementor-element-populated\">\n\t\t\t\t\t\t<div class=\"elementor-element elementor-element-75ce590 elementor-widget elementor-widget-image\" data-id=\"75ce590\" data-element_type=\"widget\" data-e-type=\"widget\" data-widget_type=\"image.default\">\n\t\t\t\t<div class=\"elementor-widget-container\">\n\t\t\t\t\t\t\t\t\t\t\t\t\t\t\t<img decoding=\"async\" src=\"https:\/\/hannoli.fi\/wp-content\/uploads\/2020\/06\/PQ5A4626.jpg\" title=\"\" alt=\"\" loading=\"lazy\" \/>\t\t\t\t\t\t\t\t\t\t\t\t\t\t\t<\/div>\n\t\t\t\t<\/div>\n\t\t\t\t\t<\/div>\n\t\t<\/div>\n\t\t\t\t\t<\/div>\n\t\t<\/section>\n\t\t\t\t<section class=\"elementor-section elementor-top-section elementor-element elementor-element-aff413a animated-slow elementor-section-boxed elementor-section-height-default elementor-section-height-default elementor-invisible\" data-id=\"aff413a\" data-element_type=\"section\" data-e-type=\"section\" data-settings=\"{&quot;animation&quot;:&quot;fadeInUp&quot;,&quot;background_background&quot;:&quot;classic&quot;}\">\n\t\t\t\t\t\t<div class=\"elementor-container elementor-column-gap-default\">\n\t\t\t\t\t<div class=\"elementor-column elementor-col-100 elementor-top-column elementor-element elementor-element-42cc76d\" data-id=\"42cc76d\" data-element_type=\"column\" data-e-type=\"column\">\n\t\t\t<div class=\"elementor-widget-wrap elementor-element-populated\">\n\t\t\t\t\t\t<div class=\"elementor-element elementor-element-ac6f7e8 elementor-widget elementor-widget-spacer\" data-id=\"ac6f7e8\" data-element_type=\"widget\" data-e-type=\"widget\" data-widget_type=\"spacer.default\">\n\t\t\t\t<div class=\"elementor-widget-container\">\n\t\t\t\t\t\t\t<div class=\"elementor-spacer\">\n\t\t\t<div class=\"elementor-spacer-inner\"><\/div>\n\t\t<\/div>\n\t\t\t\t\t\t<\/div>\n\t\t\t\t<\/div>\n\t\t\t\t<div class=\"elementor-element elementor-element-b341d6b elementor-widget elementor-widget-heading\" data-id=\"b341d6b\" data-element_type=\"widget\" data-e-type=\"widget\" data-widget_type=\"heading.default\">\n\t\t\t\t<div class=\"elementor-widget-container\">\n\t\t\t\t\t<h2 class=\"elementor-heading-title elementor-size-default\">Dataskyddsf\u00f6rordning<\/h2>\t\t\t\t<\/div>\n\t\t\t\t<\/div>\n\t\t\t\t<div class=\"elementor-element elementor-element-9e77790 elementor-widget elementor-widget-text-editor\" data-id=\"9e77790\" data-element_type=\"widget\" data-e-type=\"widget\" data-widget_type=\"text-editor.default\">\n\t\t\t\t<div class=\"elementor-widget-container\">\n\t\t\t\t\t\t\t\t\t<p>GDPR \u2013 Dataskyddsf\u00f6rordningen g\u00e4ller som lag i alla EU:s medlemsl\u00e4nder fr\u00e5n och med den 25 maj 2018 <br \/>och inneh\u00e5ller regler om hur man f\u00e5r behandla personuppgifter.<\/p><p>Information som bearbetas kan f\u00f6rutom sj\u00e4lva fotografiet best\u00e5 av namn p\u00e5 personen\/personerna som blivit fotograferade,<br \/>alternativt det f\u00f6retag som \u00e4r uppdragsgivare, samt kontaktuppgifter s\u00e5som e-postadress och telefonnummer.<\/p><p>Jag anv\u00e4nder lokala och externa h\u00e5rddiskar f\u00f6r att lagra fotografier.<br \/>\u00c4ven externa servrar anv\u00e4ndas ibland f\u00f6r bildgallerier och mellanlagring. <br \/>Externa servrar anv\u00e4nds \u00e4ven f\u00f6r e-post, fakturering, fakturauppgifter samt f\u00f6r projekthantering. <br \/>Jag l\u00e4mnar inte ut dina uppgifter till tredje part.<br \/>Informationen lagras med syfte att kunna tillhandah\u00e5lla bilder om kunden vi ha ytterligare tillg\u00e5ng till fotografierna.<br \/>\u2013 Skapa fakturor och skicka faktura via e-post.<br \/>\u2013 Publicera bilder p\u00e5 hemsida och sociala medier f\u00f6r att visa arbetsprover, f\u00f6rutsatt att kunden\/den avportr\u00e4tterade personen ger till\u00e5telse till detta.<br \/>Du kan beg\u00e4ra att f\u00e5 ta del av de personuppgifter som finns registrerade om dig. <br \/>Om du \u00f6nskar kan du beg\u00e4ra att uppgifterna r\u00e4ttas eller raderas.<br \/>Vill du ha mer information, \u00e4ndra dina uppgifter eller anm\u00e4la att du inte vill att jag lagrar uppgifter om dig enligt ovan, <br \/>\u00e4r du v\u00e4lkommen att kontakta mig p\u00e5 e-post info_at_hannoli.fi<\/p><p>Detta \u00e4r ett levande dokument och inneh\u00e5llet uppdateras vid behov.<\/p>\t\t\t\t\t\t\t\t<\/div>\n\t\t\t\t<\/div>\n\t\t\t\t<div class=\"elementor-element elementor-element-c0a2dd7 elementor-widget elementor-widget-text-editor\" data-id=\"c0a2dd7\" data-element_type=\"widget\" data-e-type=\"widget\" data-widget_type=\"text-editor.default\">\n\t\t\t\t<div class=\"elementor-widget-container\">\n\t\t\t\t\t\t\t\t\t<p align=\"center\"><span style=\"font-family: Arial, sans-serif;\">Detta dokument \u00e4r uppdaterad 4.3.2025 i form av mindre korrigeringar<\/span><\/p>\t\t\t\t\t\t\t\t<\/div>\n\t\t\t\t<\/div>\n\t\t\t\t<div class=\"elementor-element elementor-element-02cce05 elementor-widget-divider--view-line_icon elementor-view-default elementor-widget-divider--element-align-center elementor-widget elementor-widget-divider\" data-id=\"02cce05\" data-element_type=\"widget\" data-e-type=\"widget\" data-widget_type=\"divider.default\">\n\t\t\t\t<div class=\"elementor-widget-container\">\n\t\t\t\t\t\t\t<div class=\"elementor-divider\">\n\t\t\t<span class=\"elementor-divider-separator\">\n\t\t\t\t\t\t\t<div class=\"elementor-icon elementor-divider__element\">\n\t\t\t\t\t<i aria-hidden=\"true\" class=\"fas fa-gift\"><\/i><\/div>\n\t\t\t\t\t\t<\/span>\n\t\t<\/div>\n\t\t\t\t\t\t<\/div>\n\t\t\t\t<\/div>\n\t\t\t\t\t<\/div>\n\t\t<\/div>\n\t\t\t\t\t<\/div>\n\t\t<\/section>\n\t\t\t\t<\/div>\n\t\t","protected":false},"excerpt":{"rendered":"<p>Kontaktformul\u00e4r F\u00d6R PRESENTKORT: Dataskyddsf\u00f6rordning GDPR \u2013 Dataskyddsf\u00f6rordningen g\u00e4ller som lag i alla EU:s medlemsl\u00e4nder fr\u00e5n och med den 25 maj 2018 och inneh\u00e5ller regler om hur man f\u00e5r behandla personuppgifter. Information som bearbetas kan f\u00f6rutom sj\u00e4lva fotografiet best\u00e5 av namn p\u00e5 personen\/personerna som blivit fotograferade,alternativt det f\u00f6retag som \u00e4r uppdragsgivare, samt kontaktuppgifter s\u00e5som e-postadress och [&hellip;]<\/p>\n","protected":false},"author":1,"featured_media":0,"parent":0,"menu_order":0,"comment_status":"closed","ping_status":"closed","template":"elementor_header_footer","meta":{"footnotes":""},"class_list":["post-1014","page","type-page","status-publish","hentry"],"_links":{"self":[{"href":"https:\/\/hannoli.fi\/index.php?rest_route=\/wp\/v2\/pages\/1014","targetHints":{"allow":["GET"]}}],"collection":[{"href":"https:\/\/hannoli.fi\/index.php?rest_route=\/wp\/v2\/pages"}],"about":[{"href":"https:\/\/hannoli.fi\/index.php?rest_route=\/wp\/v2\/types\/page"}],"author":[{"embeddable":true,"href":"https:\/\/hannoli.fi\/index.php?rest_route=\/wp\/v2\/users\/1"}],"replies":[{"embeddable":true,"href":"https:\/\/hannoli.fi\/index.php?rest_route=%2Fwp%2Fv2%2Fcomments&post=1014"}],"version-history":[{"count":64,"href":"https:\/\/hannoli.fi\/index.php?rest_route=\/wp\/v2\/pages\/1014\/revisions"}],"predecessor-version":[{"id":2182,"href":"https:\/\/hannoli.fi\/index.php?rest_route=\/wp\/v2\/pages\/1014\/revisions\/2182"}],"wp:attachment":[{"href":"https:\/\/hannoli.fi\/index.php?rest_route=%2Fwp%2Fv2%2Fmedia&parent=1014"}],"curies":[{"name":"wp","href":"https:\/\/api.w.org\/{rel}","templated":true}]}}